{"id":14558,"date":"2025-11-18T21:33:26","date_gmt":"2025-11-18T21:33:26","guid":{"rendered":"https:\/\/cuisinecadeau.com\/produit\/couteau-pour-cuisine-inox-professionnel\/"},"modified":"2025-11-18T22:25:37","modified_gmt":"2025-11-18T22:25:37","slug":"couteau-pour-cuisine-inox-professionnel","status":"publish","type":"product","link":"https:\/\/cuisinecadeau.com\/en\/product\/couteau-pour-cuisine-inox-professionnel\/","title":{"rendered":"Couteau pour cuisine | Inox &amp; Professionnel"},"content":{"rendered":"<h2>Couteau pour cuisine | Inox & Professionnel pour une d\u00e9coupe optimale<\/h2>\n<p>Le couteau pour cuisine | Inox & Professionnel est l\u2019alli\u00e9 indispensable des amateurs de gastronomie \u00e0 la recherche de pr\u00e9cision. Sa conception en acier inoxydable garantit des d\u00e9coupes nettes, que ce soit pour des viandes tendres ou des l\u00e9gumes croquants, facilitant chaque geste culinaire.<\/p>\n<p>Embrassez une exp\u00e9rience culinaire sans pareille gr\u00e2ce au couteau pour cuisine | Inox & Professionnel. L\u2019ergonomie parfaite de son manche permet une prise en main optimale, ce qui en fait un compagnon de choix pour r\u00e9aliser des plats dignes des plus grands chefs au quotidien.<\/p>\n<h2>CUISINE CADEAU : La polyvalence du couteau pour cuisine | Inox & Professionnel<\/h2>\n<p>CUISINE CADEAU ne cesse d\u2019impressionner avec ce couteau pour cuisine | Inox & Professionnel. Il offre non seulement une qualit\u00e9 irr\u00e9prochable, mais aussi une polyvalence \u00e0 toute \u00e9preuve, capable de s\u2019adapter aussi bien aux pr\u00e9parations de tous les jours qu\u2019aux cr\u00e9ations culinaires sophistiqu\u00e9es.<\/p>\n<p>Que vous soyez un chef exp\u00e9riment\u00e9 ou un passionn\u00e9 de cuisine, le couteau pour cuisine | Inox & Professionnel s\u2019adapte \u00e0 tous vos besoins. Explorez les multiples facettes de la cuisine avec un outil qui conjugue \u00e9l\u00e9gance et efficacit\u00e9, r\u00e9volutionnant chaque pr\u00e9paration et sublimant vos recettes.<\/p>\n<h2>La durabilit\u00e9 du couteau pour cuisine | Inox & Professionnel de CUISINE CADEAU<\/h2>\n<p>Investir dans le couteau pour cuisine | Inox & Professionnel, c\u2019est choisir la durabilit\u00e9 gr\u00e2ce \u00e0 l\u2019acier inoxydable 5Cr15MoV. Sa r\u00e9sistance exceptionnelle \u00e0 la corrosion garantit une long\u00e9vit\u00e9 in\u00e9gal\u00e9e, s\u2019assurant que le couteau reste performant, usage apr\u00e8s usage, en conservant tout son \u00e9clat.<\/p>\n<p>Avec le couteau pour cuisine | Inox & Professionnel de CUISINE CADEAU, chaque coupe est pr\u00e9cise et fluide, offrant un plaisir in\u00e9gal\u00e9 en cuisine. Cet outil devient rapidement une extension de votre main, refl\u00e9tant votre savoir-faire et vous accompagnant dans toutes vos aventures culinaires.<\/p>\n<h2>Caract\u00e9ristiques Techniques<\/h2>\n<ul>\n<li>Acier inoxydable 5Cr15MoV<\/li>\n<li>\u00c9paisseur lame : 2 mm<\/li>\n<li>Angle: 65\u00b0 (chef), 50\u00b0 (utilitaire)<\/li>\n<li>Manche : 11 cm<\/li>\n<li>Longueur lame : 19 cm (chef), 12,5 cm (utilitaire)<\/li>\n<\/ul>\n<p>Si vous aimez ce produit, notre collection <a href=\"https:\/\/cuisinecadeau.com\/en\/collections\/couteau-de-cuisine\/\">couteau de cuisine<\/a> devrait \u00e9galement vous plaire !<\/p>","protected":false},"excerpt":{"rendered":"<p>D\u00e9couvrez le couteau pour cuisine | Inox &amp; Professionnel, votre alli\u00e9 pour sublimer vos pr\u00e9parations culinaires.<\/p>","protected":false},"featured_media":14549,"comment_status":"open","ping_status":"closed","template":"","meta":[],"product_brand":[],"product_cat":[84,96],"product_tag":[],"class_list":{"0":"post-14558","1":"product","2":"type-product","3":"status-publish","4":"has-post-thumbnail","6":"product_cat-couteau-de-cuisine","7":"product_cat-nos-produits","9":"first","10":"instock","11":"shipping-taxable","12":"purchasable","13":"product-type-variable"},"aioseo_notices":[],"_links":{"self":[{"href":"https:\/\/cuisinecadeau.com\/en\/wp-json\/wp\/v2\/product\/14558","targetHints":{"allow":["GET"]}}],"collection":[{"href":"https:\/\/cuisinecadeau.com\/en\/wp-json\/wp\/v2\/product"}],"about":[{"href":"https:\/\/cuisinecadeau.com\/en\/wp-json\/wp\/v2\/types\/product"}],"replies":[{"embeddable":true,"href":"https:\/\/cuisinecadeau.com\/en\/wp-json\/wp\/v2\/comments?post=14558"}],"wp:featuredmedia":[{"embeddable":true,"href":"https:\/\/cuisinecadeau.com\/en\/wp-json\/wp\/v2\/media\/14549"}],"wp:attachment":[{"href":"https:\/\/cuisinecadeau.com\/en\/wp-json\/wp\/v2\/media?parent=14558"}],"wp:term":[{"taxonomy":"product_brand","embeddable":true,"href":"https:\/\/cuisinecadeau.com\/en\/wp-json\/wp\/v2\/product_brand?post=14558"},{"taxonomy":"product_cat","embeddable":true,"href":"https:\/\/cuisinecadeau.com\/en\/wp-json\/wp\/v2\/product_cat?post=14558"},{"taxonomy":"product_tag","embeddable":true,"href":"https:\/\/cuisinecadeau.com\/en\/wp-json\/wp\/v2\/product_tag?post=14558"}],"curies":[{"name":"wp","href":"https:\/\/api.w.org\/{rel}","templated":true}]}}