{"id":15681,"date":"2025-11-18T21:56:19","date_gmt":"2025-11-18T21:56:19","guid":{"rendered":"https:\/\/cuisinecadeau.com\/produit\/lunch-box-hermetique-eco\/"},"modified":"2025-11-18T22:25:28","modified_gmt":"2025-11-18T22:25:28","slug":"lunch-box-hermetique-eco","status":"publish","type":"product","link":"https:\/\/cuisinecadeau.com\/en\/product\/lunch-box-hermetique-eco\/","title":{"rendered":"Lunch box | Herm\u00e9tique \u00c9co"},"content":{"rendered":"<h2>D\u00e9couvrez la praticit\u00e9 de notre Lunch box | Herm\u00e9tique \u00c9co<\/h2>\n<p>La Lunch box | Herm\u00e9tique \u00c9co est bien plus qu\u2019un simple r\u00e9cipient. \u00c9quip\u00e9e d\u2019un syst\u00e8me d\u2019\u00e9tanch\u00e9it\u00e9 perfectionn\u00e9, elle garantit que vos repas restent bien enferm\u00e9s, sans risque de fuite. Son design compact et moderne vous permet de l\u2019emporter partout, dans toutes vos aventures culinaires.<\/p>\n<p>Avec la Lunch box | Herm\u00e9tique \u00c9co, vous red\u00e9finissez la mani\u00e8re dont vous savourez vos repas lors de vos d\u00e9placements. Sa contenance g\u00e9n\u00e9reuse vous offre la libert\u00e9 de transporter une vari\u00e9t\u00e9 d\u2019aliments, tout en pr\u00e9servant leur fra\u00eecheur impeccable. O\u00f9 que vous soyez, savourer vos plats n\u2019a jamais \u00e9t\u00e9 aussi simple et agr\u00e9able.<\/p>\n<h2>Savourez vos repas frais avec la Lunch box | Herm\u00e9tique \u00c9co<\/h2>\n<p>Chaque bouch\u00e9e issue de la Lunch box | Herm\u00e9tique \u00c9co est un voyage culinaire. Gr\u00e2ce \u00e0 ses compartiments ing\u00e9nieux, elle permet de s\u00e9parer distinctement diff\u00e9rents types d\u2019aliments, garantissant ainsi leur fra\u00eecheur et leur go\u00fbt. Oubliez les repas m\u00e9lang\u00e9s ou fades et appr\u00e9ciez votre pause d\u00e9jeuner comme si vous \u00e9tiez \u00e0 la maison.<\/p>\n<p>La Lunch box | Herm\u00e9tique \u00c9co vous offre la possibilit\u00e9 d\u2019emporter avec vous un v\u00e9ritable festin, peu importe l\u2019endroit. Que vous pr\u00e9f\u00e9riez une salade fra\u00eeche ou un plat r\u00e9chauff\u00e9 au micro-ondes, sa modularit\u00e9 s\u2019adapte \u00e0 tous vos besoins, pour des repas \u00e9quilibr\u00e9s et app\u00e9tissants \u00e0 tout moment.<\/p>\n<h2>Une d\u00e9marche \u00e9cologique et \u00e9conomique avec la Lunch box | Herm\u00e9tique \u00c9co<\/h2>\n<p>Adopter la Lunch box | Herm\u00e9tique \u00c9co, c\u2019est faire le choix d\u2019une consommation responsable. Fabriqu\u00e9e avec des mat\u00e9riaux durables et exempts de BPA, elle s\u2019inscrit dans une d\u00e9marche \u00e9cologique en r\u00e9duisant consid\u00e9rablement l\u2019utilisation de plastiques jetables. Un choix judicieux pour votre sant\u00e9 et celle de l\u2019environnement.<\/p>\n<p>Son \u00e9l\u00e9gance discr\u00e8te et son efficacit\u00e9 redoutable en font un compagnon id\u00e9al pour vos repas quotidiens ou vos escapades en plein air. En plus de sa fonctionnalit\u00e9, la Lunch box | Herm\u00e9tique \u00c9co vous offre une solution durable et esth\u00e9tique, id\u00e9ale pour le mode de vie actif d\u2019aujourd\u2019hui.<\/p>\n<h2>Caract\u00e9ristiques Techniques<\/h2>\n<ul>\n<li>Capacit\u00e9 de 1200 ml<\/li>\n<li>Mat\u00e9riaux durables sans BPA<\/li>\n<li>S\u00e9parations multiples pour compartimentage<\/li>\n<li>Utilisation micro-ondes<\/li>\n<\/ul>\n<p>Si vous aimez ce produit, notre collection <a href=\"https:\/\/cuisinecadeau.com\/en\/collections\/cadeau-cuisine\/\">cadeau cuisine<\/a> devrait \u00e9galement vous plaire !<\/p>","protected":false},"excerpt":{"rendered":"<p>D\u00e9couvrez la Lunch box | Herm\u00e9tique \u00c9co, id\u00e9ale pour des repas frais et pratiques o\u00f9 que vous soyez.<\/p>","protected":false},"featured_media":15676,"comment_status":"open","ping_status":"closed","template":"","meta":[],"product_brand":[],"product_cat":[228,96],"product_tag":[],"class_list":{"0":"post-15681","1":"product","2":"type-product","3":"status-publish","4":"has-post-thumbnail","6":"product_cat-cadeau-cuisine","7":"product_cat-nos-produits","9":"first","10":"instock","11":"shipping-taxable","12":"purchasable","13":"product-type-simple"},"aioseo_notices":[],"_links":{"self":[{"href":"https:\/\/cuisinecadeau.com\/en\/wp-json\/wp\/v2\/product\/15681","targetHints":{"allow":["GET"]}}],"collection":[{"href":"https:\/\/cuisinecadeau.com\/en\/wp-json\/wp\/v2\/product"}],"about":[{"href":"https:\/\/cuisinecadeau.com\/en\/wp-json\/wp\/v2\/types\/product"}],"replies":[{"embeddable":true,"href":"https:\/\/cuisinecadeau.com\/en\/wp-json\/wp\/v2\/comments?post=15681"}],"wp:featuredmedia":[{"embeddable":true,"href":"https:\/\/cuisinecadeau.com\/en\/wp-json\/wp\/v2\/media\/15676"}],"wp:attachment":[{"href":"https:\/\/cuisinecadeau.com\/en\/wp-json\/wp\/v2\/media?parent=15681"}],"wp:term":[{"taxonomy":"product_brand","embeddable":true,"href":"https:\/\/cuisinecadeau.com\/en\/wp-json\/wp\/v2\/product_brand?post=15681"},{"taxonomy":"product_cat","embeddable":true,"href":"https:\/\/cuisinecadeau.com\/en\/wp-json\/wp\/v2\/product_cat?post=15681"},{"taxonomy":"product_tag","embeddable":true,"href":"https:\/\/cuisinecadeau.com\/en\/wp-json\/wp\/v2\/product_tag?post=15681"}],"curies":[{"name":"wp","href":"https:\/\/api.w.org\/{rel}","templated":true}]}}