{"id":15935,"date":"2025-11-18T22:01:33","date_gmt":"2025-11-18T22:01:33","guid":{"rendered":"https:\/\/cuisinecadeau.com\/produit\/aiguiseur-couteau-plus\/"},"modified":"2025-11-18T22:25:26","modified_gmt":"2025-11-18T22:25:26","slug":"aiguiseur-couteau-plus","status":"publish","type":"product","link":"https:\/\/cuisinecadeau.com\/en\/product\/aiguiseur-couteau-plus\/","title":{"rendered":"Aiguiseur couteau | Plus+"},"content":{"rendered":"<h2>L\u2019Aiguiseur couteau | Plus+ pour des lames toujours parfaites<\/h2>\n<p>L\u2019Aiguiseur couteau | Plus+ est l\u2019outil incontournable qui garantit une d\u00e9coupe nette et pr\u00e9cise. Avec une efficacit\u00e9 \u00e9prouv\u00e9e, il redonne vie aux couteaux les plus \u00e9mouss\u00e9s, prolongeant ainsi leur dur\u00e9e de vie et votre plaisir culinaire. Sa simplicit\u00e9 d\u2019utilisation en fait un alli\u00e9 de choix pour tous les amateurs de cuisine.<\/p>\n<p>Dot\u00e9 d\u2019une technologie de pointe, l\u2019Aiguiseur couteau | Plus+ se distingue par sa capacit\u00e9 \u00e0 offrir des r\u00e9sultats dignes d\u2019un aff\u00fbtage professionnel. Chaque lame retrouve sa nettet\u00e9 originelle, transformant vos repas en une v\u00e9ritable exp\u00e9rience gastronomique. Sa conception permet d\u2019allier efficacit\u00e9 et long\u00e9vit\u00e9.<\/p>\n<h2>Polyvalence et efficacit\u00e9 avec l\u2019Aiguiseur couteau | Plus+<\/h2>\n<p>Gr\u00e2ce \u00e0 l\u2019Aiguiseur couteau | Plus+, la polyvalence est au rendez-vous. Cet appareil s\u2019adapte \u00e0 une multitude de couteaux et rend leur entretien facile et rapide. Que vous soyez chef ou amateur, il vous assure un tranchant impeccable, pr\u00eat pour toute sorte de pr\u00e9paration culinaire.<\/p>\n<p>L\u2019Aiguiseur couteau | Plus+ n\u2019est pas seulement un aiguiseur, c\u2019est une v\u00e9ritable assurance pour une cuisine sans encombre et une coupe pr\u00e9cise. Peu importe votre espace disponible, son design compact facilite son rangement sans compromettre sa performance.<\/p>\n<h2>Robustesse et design de l\u2019Aiguiseur couteau | Plus+<\/h2>\n<p>Cet aiguiseur se distingue par sa robustesse, con\u00e7u avec des mat\u00e9riaux durables pour une utilisation prolong\u00e9e. L\u2019Aiguiseur couteau | Plus+ promet une qualit\u00e9 et une durabilit\u00e9 \u00e0 toute \u00e9preuve, r\u00e9pondant aux exigences des cuisiniers les plus pointilleux.<\/p>\n<p>Avec son allure moderne et ergonomique, l\u2019Aiguiseur couteau | Plus+ s\u2019int\u00e8gre harmonieusement dans toute cuisine. Il ne se contente pas de vous offrir des r\u00e9sultats extraordinaires, il le fait aussi avec style et facilit\u00e9 d\u2019entretien, assurant un environnement culinaire ordonn\u00e9 et agr\u00e9able.<\/p>\n<h2>Caract\u00e9ristiques Techniques de l\u2019Aiguiseur couteau | Plus+<\/h2>\n<ul>\n<li>Aff\u00fbtage express<\/li>\n<li>Mat\u00e9riaux robustes: acier au tungst\u00e8ne, ABS<\/li>\n<li>Dimensions: 14,3 x 6,8 cm<\/li>\n<\/ul>\n<p>Ce produit fait partie de notre assortiment de <a href=\"https:\/\/cuisinecadeau.com\/en\/collections\/aiguiseur-couteau\/\">aiguiseur couteau<\/a>, venez la visiter pour trouver votre bonheur !<\/p>","protected":false},"excerpt":{"rendered":"<p>Aiguiseur couteau | Plus+ : l&rsquo;outil ultime pour revitaliser vos lames en cuisine.<\/p>","protected":false},"featured_media":15930,"comment_status":"open","ping_status":"closed","template":"","meta":[],"product_brand":[],"product_cat":[87,96],"product_tag":[],"class_list":{"0":"post-15935","1":"product","2":"type-product","3":"status-publish","4":"has-post-thumbnail","6":"product_cat-aiguiseur-couteau","7":"product_cat-nos-produits","9":"first","10":"instock","11":"shipping-taxable","12":"purchasable","13":"product-type-simple"},"aioseo_notices":[],"_links":{"self":[{"href":"https:\/\/cuisinecadeau.com\/en\/wp-json\/wp\/v2\/product\/15935","targetHints":{"allow":["GET"]}}],"collection":[{"href":"https:\/\/cuisinecadeau.com\/en\/wp-json\/wp\/v2\/product"}],"about":[{"href":"https:\/\/cuisinecadeau.com\/en\/wp-json\/wp\/v2\/types\/product"}],"replies":[{"embeddable":true,"href":"https:\/\/cuisinecadeau.com\/en\/wp-json\/wp\/v2\/comments?post=15935"}],"wp:featuredmedia":[{"embeddable":true,"href":"https:\/\/cuisinecadeau.com\/en\/wp-json\/wp\/v2\/media\/15930"}],"wp:attachment":[{"href":"https:\/\/cuisinecadeau.com\/en\/wp-json\/wp\/v2\/media?parent=15935"}],"wp:term":[{"taxonomy":"product_brand","embeddable":true,"href":"https:\/\/cuisinecadeau.com\/en\/wp-json\/wp\/v2\/product_brand?post=15935"},{"taxonomy":"product_cat","embeddable":true,"href":"https:\/\/cuisinecadeau.com\/en\/wp-json\/wp\/v2\/product_cat?post=15935"},{"taxonomy":"product_tag","embeddable":true,"href":"https:\/\/cuisinecadeau.com\/en\/wp-json\/wp\/v2\/product_tag?post=15935"}],"curies":[{"name":"wp","href":"https:\/\/api.w.org\/{rel}","templated":true}]}}