{"id":16090,"date":"2025-11-18T22:05:16","date_gmt":"2025-11-18T22:05:16","guid":{"rendered":"https:\/\/cuisinecadeau.com\/produit\/aiguiseur-couteau-prosharp\/"},"modified":"2025-11-18T22:25:25","modified_gmt":"2025-11-18T22:25:25","slug":"aiguiseur-couteau-prosharp","status":"publish","type":"product","link":"https:\/\/cuisinecadeau.com\/en\/product\/aiguiseur-couteau-prosharp\/","title":{"rendered":"Aiguiseur couteau | ProSharp"},"content":{"rendered":"<h2>Optimisez vos d\u00e9coupes avec l\u2019Aiguiseur couteau ProSharp<\/h2>\n<p>L\u2019Aiguiseur couteau ProSharp est con\u00e7u pour r\u00e9inventer votre exp\u00e9rience culinaire. Gr\u00e2ce \u00e0 cet outil, chaque lame retrouve une pr\u00e9cision exceptionnelle, transformant vos couteaux en instruments performants et durables. Red\u00e9couvrez la joie de cuisiner avec une efficacit\u00e9 accrue gr\u00e2ce \u00e0 cette innovation incontournable pour tous les amateurs de bonne cuisine.<\/p>\n<p>ProSharp vous offre une facilit\u00e9 d\u2019utilisation in\u00e9gal\u00e9e avec des r\u00e9sultats dignes des plus grands chefs. Cet aiguiseur est parfait pour ceux qui cherchent \u00e0 simplifier l\u2019entretien de leurs couteaux tout en garantissant une coupe nette. Finies les pr\u00e9parations compliqu\u00e9es, accueillez la simplicit\u00e9 et l\u2019efficacit\u00e9 avec ProSharp.<\/p>\n<h2>Am\u00e9liorez vos outils avec l\u2019Aiguiseur couteau ProSharp<\/h2>\n<p>Avec l\u2019Aiguiseur couteau ProSharp, transformez vos couteaux en instruments de coupe dignes de professionnels. Cet outil est votre complice id\u00e9al pour maintenir le tranchant de vos lames et profiter d\u2019une cuisine plus \u00e9conomique et \u00e9cologique. V\u00e9ritable atout dans la cuisine, il assure une utilisation prolong\u00e9e de vos \u00e9quipements.<\/p>\n<p>Facile \u00e0 utiliser et \u00e0 entretenir, cet aiguiseur vous permet de repousser les limites de votre cr\u00e9ativit\u00e9 culinaire. Sans effort, vos couteaux retrouvent leur tranchant initial, vous permettant ainsi d\u2019aborder chaque nouvelle recette avec confiance et pr\u00e9cision. C\u2019est l\u2019outil id\u00e9al pour tout passionn\u00e9 de cuisine en qu\u00eate de perfection.<\/p>\n<h2>Exp\u00e9rience culinaire transform\u00e9e avec l\u2019Aiguiseur couteau ProSharp<\/h2>\n<p>L\u2019Aiguiseur couteau ProSharp r\u00e9invente votre mani\u00e8re de cuisiner en rendant l\u2019entretien de vos lames rapide et efficace. Chaque coupe est optimis\u00e9e, vous assurant des performances durables et fiables \u00e0 chaque utilisation. Offrez une nouvelle vie \u00e0 vos couteaux tout en ma\u00eetrisant l\u2019art culinaire.<\/p>\n<p>Adapt\u00e9 \u00e0 un usage quotidien, ProSharp vous aide \u00e0 pr\u00e9server la qualit\u00e9 de vos couteaux sans d\u00e9penses excessives. Con\u00e7u pour les chefs comme pour les passionn\u00e9s, il est le partenaire parfait pour toutes vos aventures culinaires. Profitez d\u2019une cuisine sans stress avec une technologie de pointe \u00e0 votre port\u00e9e.<\/p>\n<h2>Caract\u00e9ristiques techniques<\/h2>\n<ul>\n<li>Rev\u00eatement diamant<\/li>\n<li>Syst\u00e8me d\u2019aff\u00fbtage en deux \u00e9tapes<\/li>\n<li>Base antid\u00e9rapante<\/li>\n<\/ul>\n<p>Ce mod\u00e8le est l\u2019un des plus populaires de notre gamme <a href=\"https:\/\/cuisinecadeau.com\/en\/collections\/aiguiseur-couteau\/\">aiguiseur couteau<\/a>, venez la d\u00e9couvrir pour y trouver d\u2019autres produits.<\/p>","protected":false},"excerpt":{"rendered":"<p>D\u00e9couvrez l&rsquo;Aiguiseur couteau ProSharp pour une coupe parfaite et durable, alli\u00e9 indispensable dans votre cuisine!<\/p>","protected":false},"featured_media":16083,"comment_status":"open","ping_status":"closed","template":"","meta":[],"product_brand":[],"product_cat":[87,96],"product_tag":[],"class_list":{"0":"post-16090","1":"product","2":"type-product","3":"status-publish","4":"has-post-thumbnail","6":"product_cat-aiguiseur-couteau","7":"product_cat-nos-produits","9":"first","10":"instock","11":"shipping-taxable","12":"purchasable","13":"product-type-simple"},"aioseo_notices":[],"_links":{"self":[{"href":"https:\/\/cuisinecadeau.com\/en\/wp-json\/wp\/v2\/product\/16090","targetHints":{"allow":["GET"]}}],"collection":[{"href":"https:\/\/cuisinecadeau.com\/en\/wp-json\/wp\/v2\/product"}],"about":[{"href":"https:\/\/cuisinecadeau.com\/en\/wp-json\/wp\/v2\/types\/product"}],"replies":[{"embeddable":true,"href":"https:\/\/cuisinecadeau.com\/en\/wp-json\/wp\/v2\/comments?post=16090"}],"wp:featuredmedia":[{"embeddable":true,"href":"https:\/\/cuisinecadeau.com\/en\/wp-json\/wp\/v2\/media\/16083"}],"wp:attachment":[{"href":"https:\/\/cuisinecadeau.com\/en\/wp-json\/wp\/v2\/media?parent=16090"}],"wp:term":[{"taxonomy":"product_brand","embeddable":true,"href":"https:\/\/cuisinecadeau.com\/en\/wp-json\/wp\/v2\/product_brand?post=16090"},{"taxonomy":"product_cat","embeddable":true,"href":"https:\/\/cuisinecadeau.com\/en\/wp-json\/wp\/v2\/product_cat?post=16090"},{"taxonomy":"product_tag","embeddable":true,"href":"https:\/\/cuisinecadeau.com\/en\/wp-json\/wp\/v2\/product_tag?post=16090"}],"curies":[{"name":"wp","href":"https:\/\/api.w.org\/{rel}","templated":true}]}}