{"id":7484,"date":"2023-06-23T12:26:38","date_gmt":"2023-06-23T12:26:38","guid":{"rendered":"https:\/\/www.template2prive.monline.fr\/?page_id=7484"},"modified":"2023-06-23T12:26:40","modified_gmt":"2023-06-23T12:26:40","slug":"politique-de-confidentialite","status":"publish","type":"page","link":"https:\/\/cuisinecadeau.com\/fr_fr\/politique-de-confidentialite\/","title":{"rendered":"Politique de confidentialit\u00e9"},"content":{"rendered":"\n<p><br><strong>ARTICLE 1 \u2013 RENSEIGNEMENTS PERSONNELS RECUEILLIS<\/strong><\/p>\n\n\n\n<p><br>Lorsque vous effectuez un achat sur site web, dans le cadre de notre processus d\u2019achat et de vente, nous recueillons les renseignements personnels que vous nous fournirez, tels que votre nom, votre adresse, votre adresse e-mail ou encore votre num\u00e9ro de t\u00e9l\u00e9phone.<\/p>\n\n\n\n<p>Lorsque vous naviguez sur notre site web, nous recevons \u00e9galement automatiquement l\u2019adresse de protocole Internet (adresse IP) de votre ordinateur, qui nous permet d\u2019obtenir plus de d\u00e9tails au sujet du navigateur et ainsi qu\u2019\u00e0 propos du syst\u00e8me d\u2019exploitation que vous utilisez.<\/p>\n\n\n\n<p>Dans le cadre du marketing par e-mail, avec votre permission, nous pourrions vous envoyer des e-mails \u00e0 propos de nouveaux produits et d\u2019autres mises \u00e0 jour ou encore de vos commandes non finalis\u00e9es.<\/p>\n\n\n\n<p><strong>ARTICLE 2 \u2013 CONSENTEMENT<\/strong><\/p>\n\n\n\n<p>Comment obtenons-nous votre consentement?<\/p>\n\n\n\n<p>Lorsque vous nous fournissez vos renseignements personnels pour conclure une transaction, v\u00e9rifiez votre carte de cr\u00e9dit, passez une commande, planifiez une livraison ou retournez un achat, nous pr\u00e9sumons que vous consentez \u00e0 ce que nous recueillions vos renseignements.<\/p>\n\n\n\n<p>Si nous vous demandons de nous fournir vos renseignements personnels pour une autre raison, \u00e0 des fins de marketing par exemple, nous vous demanderons directement votre consentement explicite, ou nous vous donnerons la possibilit\u00e9 de refuser.<\/p>\n\n\n\n<p>Comment pouvez-vous retirer votre consentement?<\/p>\n\n\n\n<p>Si apr\u00e8s nous avoir donn\u00e9 votre consentement, vous changiez d\u2019avis et ne consentiez plus \u00e0 ce que nous puissions vous contacter, recueillir vos renseignements, vous pouvez nous en aviser en nous contactant par mail.<\/p>\n\n\n\n<p><strong>ARTICLE 3 \u2013 DIVULGATION<\/strong><\/p>\n\n\n\n<p>Nous pouvons divulguer vos renseignements personnels uniquement si la loi nous oblige \u00e0 le faire ou si vous violez nos Conditions G\u00e9n\u00e9rales de Vente et d\u2019Utilisation.<\/p>\n\n\n\n<p><strong>ARTICLE 4 \u2013 HEBERGEMENT<\/strong><\/p>\n\n\n\n<p>Ce site est h\u00e9berg\u00e9 par\u00a0O2SWITCH<br>222-224 Boulevard Gustave Flaubert<br>63000 Clermont-Ferrand<br>SARL o2switch au capital de 7500\u20ac<br>RCS : Clermont-Ferrand \u2013 SIRET : 510 909 80700016 \u2013 TVA : FR35510909807<br>La marque o2switch est d\u00e9pos\u00e9e INPI sous le num\u00e9ro 09 3 645 729.<\/p>\n\n\n\n<p><strong>ARTICLE 5 \u2013 SERVICES FOURNIS PAR DES TIERS<\/strong><\/p>\n\n\n\n<p>En g\u00e9n\u00e9ral, les services fournis par des fournisseurs tiers que nous utilisons vont seulement recueillir, utiliser et divulguer vos renseignements dans la mesure du n\u00e9cessaire pour pouvoir r\u00e9aliser les services qu\u2019ils nous fournissent comme le traitement des paiements.<\/p>\n\n\n\n<p>Cependant, certains de ce fournisseurs, comme les passerelles de paiement et autres processeurs de transactions de paiement, poss\u00e8dent leurs propres politiques de confidentialit\u00e9 quant aux renseignements que nous sommes tenus de leur fournir pour vos transactions d\u2019achat sur notre boutique.<\/p>\n\n\n\n<p>En ce qui concerne ces fournisseurs tiers, nous vous recommandons de lire attentivement leurs politiques de confidentialit\u00e9 pour que vous puissiez comprendre la mani\u00e8re dont ils traiteront vos renseignements personnels. Vous pourrez retrouver celle de Visa\u00a0<a href=\"https:\/\/www.visa.fr\/legal\/privacy-policy.html#:~:text=Visa%20appr%C3%A9cie%20votre%20confiance%20et,vos%20choix%20dans%20ce%20domaine.\">ici<\/a>, celle d\u2019American Express\u00a0<a href=\"https:\/\/www.americanexpress.com\/fr\/legal\/politique-de-protection-des-donnees-personnelles.html\">ici<\/a>, celle de MasterCard\u00a0<a href=\"https:\/\/www.mastercard.ca\/fr-ca\/a-propos-de-mastercard\/ce-que-nous-faisons\/regles-internationales-de-protection-de-la-vie-privee.html\">ici<\/a>, celle de JCB\u00a0<a href=\"https:\/\/www.global.jcb\/en\/about-us\/policy\/privacy\/eu-privacy-notice\/\">ici<\/a>\u00a0ou encore celle de Stripe\u00a0<a href=\"https:\/\/stripe.com\/fr\/privacy#translation\">ici<\/a>.<\/p>\n\n\n\n<p>Il ne faut pas oublier que certains de ces fournisseurs tiers peuvent \u00eatre situ\u00e9s ou avoir des installations situ\u00e9es dans une juridiction diff\u00e9rente de la v\u00f4tre ou de la n\u00f4tre. Donc si vous d\u00e9cidez de poursuivre une transaction qui requiert les services d\u2019un fournisseur tiers, vos renseignements pourraient alors \u00eatre r\u00e9gis par les lois de la juridiction dans laquelle ce fournisseur se situe ou celles de la juridiction dans laquelle ses installations sont situ\u00e9es par exemple.<\/p>\n\n\n\n<p>\u00c0 titre d\u2019exemple, si vous vous situez au Canada et que votre transaction est trait\u00e9e par une passerelle de paiement situ\u00e9e aux \u00c9tats-Unis, les renseignements vous appartenant qui ont \u00e9t\u00e9 utilis\u00e9s pour conclure la transaction pourraient \u00eatre divulgu\u00e9s en vertu de la l\u00e9gislation des \u00c9tats-Unis, comme le Patriot Act.<\/p>\n\n\n\n<p>Une fois que vous quittez notre site ou que vous \u00eates redirig\u00e9 vers le site web ou l\u2019application d\u2019un tiers pour votre paiement, vous n\u2019\u00eates plus r\u00e9gi par la pr\u00e9sente Politique de Confidentialit\u00e9 ni par les Conditions G\u00e9n\u00e9rales de Vente et d\u2019Utilisation de notre site web.<\/p>\n\n\n\n<p><strong>Liens<\/strong><\/p>\n\n\n\n<p>Vous pourriez \u00eatre amen\u00e9 \u00e0 quitter notre site web en cliquant sur certains liens pr\u00e9sents sur notre site. Nous n\u2019assumons aucunement la responsabilit\u00e9 quant aux pratiques de confidentialit\u00e9 exerc\u00e9es par ces autres sites et vous recommandons de lire attentivement leurs politiques de confidentialit\u00e9.<\/p>\n\n\n\n<p><strong>ARTICLE 6 \u2013 S\u00c9CURIT\u00c9<\/strong><\/p>\n\n\n\n<p>Pour prot\u00e9ger vos donn\u00e9es personnelles, des pr\u00e9cautions raisonnables sont prises par nous et suivons les meilleures pratiques de l\u2019industrie pour vous assurer qu\u2019elles ne soient pas perdues, d\u00e9tourn\u00e9es, consult\u00e9es, divulgu\u00e9es, modifi\u00e9es ou d\u00e9truites de mani\u00e8re inappropri\u00e9e.<\/p>\n\n\n\n<p>Dans le cas o\u00f9 vous nous fournissez vos informations de carte de cr\u00e9dit, elles seront chiffr\u00e9es par le biais de l\u2019utilisation du protocole de s\u00e9curisation SSL et conserv\u00e9es avec un chiffrement de type AES-256. Cela signifie qu\u2019aucun \u00eatre humain n\u2019aura acc\u00e8s au num\u00e9ro de carte complet. Bien qu\u2019aucune m\u00e9thode de transmission sur Internet ou de stockage \u00e9lectronique ne soit s\u00fbre \u00e0 100 %, nous suivons toutes les exigences de la norme PCI-DSS et mettons en \u0153uvre des normes suppl\u00e9mentaires g\u00e9n\u00e9ralement reconnues par l\u2019industrie.<\/p>\n\n\n\n<p><strong>ARTICLE 7 \u2013 \u00c2GE DE CONSENTEMENT<\/strong><\/p>\n\n\n\n<p>En utilisant notre site web, vous d\u00e9clarez que vous avez au moins l\u2019\u00e2ge de la majorit\u00e9 dans votre pay, votre \u00c9tat ou province de r\u00e9sidence, et que vous nous avez donn\u00e9 votre consentement pour permettre \u00e0 toute personne d\u2019\u00e2ge mineur \u00e0 votre charge d\u2019utiliser notre site.<\/p>\n\n\n\n<p><strong>ARTICLE 8 \u2013 MODIFICATIONS APPORT\u00c9ES \u00c0 LA PR\u00c9SENTE POLITIQUE DE CONFIDENTIALIT\u00c9<\/strong><\/p>\n\n\n\n<p>Nous nous r\u00e9servons le droit de modifier la pr\u00e9sente politique de confidentialit\u00e9 \u00e0 tout moment, donc veuillez s\u2019il vous plait la consulter r\u00e9guli\u00e8rement. Les changements et les clarifications prendront effet imm\u00e9diatement d\u00e8s leur publication sur le site web. Si nous apportons des changements au contenu de cette politique, nous vous aviserons ici qu\u2019elle a \u00e9t\u00e9 mise \u00e0 jour, pour que vous puissiez savoir quels renseignements nous recueillons, la mani\u00e8re dont nous les utilisons, et dans quelles circonstances nous les divulguons, s\u2019il y a lieu de le faire.<\/p>\n\n\n\n<p>Si site web fait l\u2019objet d\u2019une acquisition par ou d\u2019une fusion avec une autre entreprise, vos renseignements pourront \u00eatre transf\u00e9r\u00e9s aux nouveaux propri\u00e9taires pour que nous puissions continuer \u00e0 vous vendre des produits.<\/p>\n\n\n\n<p><strong>ARTICLE 9 \u2013 SMS MARKETING<\/strong><\/p>\n\n\n\n<p>En saisissant votre num\u00e9ro de t\u00e9l\u00e9phone \u00e0 la caisse et en initialisant un achat ainsi qu\u2019en vous abonnant via notre liste d\u2019inscription marketing, vous acceptez que nous puissions vous envoyer des notifications par SMS (pour votre commande et ce compris des rappels de panier abandonn\u00e9) ou encore des offres SMS marketing.<\/p>\n\n\n\n<p>Le nombre de messages texte marketing ne d\u00e9passeront pas 30 par mois. Vous pouvez vous d\u00e9sabonner de tout autre message texte en r\u00e9pondant avec le mot STOP. L\u2019envoi de messages texte ou l\u2019utilisation d\u2019automatismes n\u00e9cessite que vous transmettiez les num\u00e9ros de t\u00e9l\u00e9phone ou les noms des destinataires. Ces donn\u00e9es seront stock\u00e9es et utilis\u00e9es communiquer l\u2019analyse et les r\u00e9sultats de la campagne, y compris l\u2019\u00e9tat de livraison des messages, l\u2019\u00e9tat d\u2019envoi et, dans certains cas, si l\u2019achat a donn\u00e9 lieu \u00e0 une vente.<\/p>\n\n\n\n<p>Si vous d\u00e9cidez d\u2019utiliser notre raccourcisseur de lien dans des messages texte, nous recueillerons ces informations pour savoir si le lien a \u00e9t\u00e9 cliqu\u00e9 ou non et l\u2019utiliserons pour afficher les r\u00e9sultats dans les analyses. Tout autre service de tiers que vous pouvez d\u00e9cider d\u2019utiliser en dehors de la port\u00e9e de smsbump.com, notre op\u00e9rateur de messages texte, le syst\u00e8me que nous utilisons pour envoyer les SMS (raccourcisseur de lien de tiers, suivi de GA, etc) vous serez r\u00e9f\u00e9r\u00e9 \u00e0 leurs politiques sp\u00e9cifiques de tiers que vous devez accepter.<\/p>\n\n\n\n<p>Lors de l\u2019envoi des messages texte, nous transmettrons les donn\u00e9es \u00e0 notre op\u00e9rateur de messages texte pour effectuer l\u2019envoi des messages. Les informations ne sont partag\u00e9es avec notre op\u00e9rateur qu\u2019au moment de l\u2019initialisation d\u2019une campagne de marketing et d\u2019envoi de messages. Si les destinataires ne souhaitent plus recevoir de messages, ils doivent r\u00e9pondre au message avec STOP ou nous contacter par mail pour que nous puissions vous d\u00e9sinscrire avec succ\u00e8s.<\/p>\n\n\n\n<p><strong>QUESTIONS ET COORDONN\u00c9ES<\/strong><\/p>\n\n\n\n<p>Si vous souhaitez: acc\u00e9der \u00e0, corriger, modifier ou supprimer toute information personnelle que nous avons \u00e0 votre sujet, d\u00e9poser une plainte, ou si vous souhaitez simplement avoir plus d\u2019informations, contactez notre agent responsable des normes de confidentialit\u00e9 par mail avec l\u2019objet : Agent des Normes de Confidentialit\u00e9<\/p>\n","protected":false},"excerpt":{"rendered":"<p>ARTICLE 1 \u2013 RENSEIGNEMENTS PERSONNELS RECUEILLIS Lorsque vous effectuez un achat sur site web, dans le cadre de notre processus d\u2019achat et de vente, nous recueillons les renseignements personnels que vous nous fournirez, tels que votre nom, votre adresse, votre adresse e-mail ou encore votre num\u00e9ro de t\u00e9l\u00e9phone. Lorsque vous naviguez sur notre site web, [&hellip;]<\/p>\n","protected":false},"author":2,"featured_media":0,"parent":0,"menu_order":0,"comment_status":"closed","ping_status":"closed","template":"","meta":{"footnotes":""},"class_list":["post-7484","page","type-page","status-publish","hentry"],"aioseo_notices":[],"_links":{"self":[{"href":"https:\/\/cuisinecadeau.com\/fr_fr\/wp-json\/wp\/v2\/pages\/7484","targetHints":{"allow":["GET"]}}],"collection":[{"href":"https:\/\/cuisinecadeau.com\/fr_fr\/wp-json\/wp\/v2\/pages"}],"about":[{"href":"https:\/\/cuisinecadeau.com\/fr_fr\/wp-json\/wp\/v2\/types\/page"}],"author":[{"embeddable":true,"href":"https:\/\/cuisinecadeau.com\/fr_fr\/wp-json\/wp\/v2\/users\/2"}],"replies":[{"embeddable":true,"href":"https:\/\/cuisinecadeau.com\/fr_fr\/wp-json\/wp\/v2\/comments?post=7484"}],"version-history":[{"count":1,"href":"https:\/\/cuisinecadeau.com\/fr_fr\/wp-json\/wp\/v2\/pages\/7484\/revisions"}],"predecessor-version":[{"id":7485,"href":"https:\/\/cuisinecadeau.com\/fr_fr\/wp-json\/wp\/v2\/pages\/7484\/revisions\/7485"}],"wp:attachment":[{"href":"https:\/\/cuisinecadeau.com\/fr_fr\/wp-json\/wp\/v2\/media?parent=7484"}],"curies":[{"name":"wp","href":"https:\/\/api.w.org\/{rel}","templated":true}]}}