{"id":7878,"date":"2023-06-29T16:05:35","date_gmt":"2023-06-29T16:05:35","guid":{"rendered":"https:\/\/www.template2prive.monline.fr\/?post_type=product&#038;p=7878"},"modified":"2025-11-17T02:12:35","modified_gmt":"2025-11-17T02:12:35","slug":"carte-cadeau-50-euros","status":"publish","type":"product","link":"https:\/\/cuisinecadeau.com\/fr_fr\/produit\/carte-cadeau-50-euros\/","title":{"rendered":"Carte Cadeau de 50 euros"},"content":{"rendered":"<ul id=\"gc-dp-btf-product-features\" class=\"a-unordered-list a-vertical a-spacing-small\">\n<li class=\"a-spacing-top-mini\"><span class=\"a-list-item\">Le cadeau id\u00e9al permettant de faire plaisir \u00e0 coup s\u00fbr\u00a0<\/span><\/li>\n<li class=\"a-spacing-top-mini\"><span class=\"a-list-item\">Uniquement valables sur ce site.<\/span><\/li>\n<li class=\"a-spacing-top-mini\"><span class=\"a-list-item\">Expiration : 1 an<\/span><\/li>\n<\/ul>\n","protected":false},"excerpt":{"rendered":"<p>Le cadeau id\u00e9al permettant de faire plaisir \u00e0 coup s\u00fbr\u00a0 Uniquement valables sur ce site. Expiration : 1 an<\/p>\n","protected":false},"featured_media":8166,"comment_status":"open","ping_status":"closed","template":"","meta":[],"product_brand":[],"product_cat":[96,15],"product_tag":[],"class_list":{"0":"post-7878","1":"product","2":"type-product","3":"status-publish","4":"has-post-thumbnail","6":"product_cat-nos-produits","7":"product_cat-sans-categorie","9":"first","10":"instock","11":"shipping-taxable","12":"purchasable","13":"product-type-simple"},"aioseo_notices":[],"_links":{"self":[{"href":"https:\/\/cuisinecadeau.com\/fr_fr\/wp-json\/wp\/v2\/product\/7878","targetHints":{"allow":["GET"]}}],"collection":[{"href":"https:\/\/cuisinecadeau.com\/fr_fr\/wp-json\/wp\/v2\/product"}],"about":[{"href":"https:\/\/cuisinecadeau.com\/fr_fr\/wp-json\/wp\/v2\/types\/product"}],"replies":[{"embeddable":true,"href":"https:\/\/cuisinecadeau.com\/fr_fr\/wp-json\/wp\/v2\/comments?post=7878"}],"wp:featuredmedia":[{"embeddable":true,"href":"https:\/\/cuisinecadeau.com\/fr_fr\/wp-json\/wp\/v2\/media\/8166"}],"wp:attachment":[{"href":"https:\/\/cuisinecadeau.com\/fr_fr\/wp-json\/wp\/v2\/media?parent=7878"}],"wp:term":[{"taxonomy":"product_brand","embeddable":true,"href":"https:\/\/cuisinecadeau.com\/fr_fr\/wp-json\/wp\/v2\/product_brand?post=7878"},{"taxonomy":"product_cat","embeddable":true,"href":"https:\/\/cuisinecadeau.com\/fr_fr\/wp-json\/wp\/v2\/product_cat?post=7878"},{"taxonomy":"product_tag","embeddable":true,"href":"https:\/\/cuisinecadeau.com\/fr_fr\/wp-json\/wp\/v2\/product_tag?post=7878"}],"curies":[{"name":"wp","href":"https:\/\/api.w.org\/{rel}","templated":true}]}}